{"id":13,"date":"2024-02-18T16:20:29","date_gmt":"2024-02-18T15:20:29","guid":{"rendered":"https:\/\/www.politicaassociazione.it\/WP\/?page_id=13"},"modified":"2026-03-11T16:21:15","modified_gmt":"2026-03-11T15:21:15","slug":"13-2","status":"publish","type":"page","link":"https:\/\/www.politicaassociazione.it\/WP\/","title":{"rendered":"Politica Associazione"},"content":{"rendered":"\n<p><strong>&#8220;<\/strong><strong>per il maggior bene comune possibile &#8221; <\/strong><\/p>\n\n\n\n<p class=\"has-background has-small-font-size\" style=\"background-color:#f3ecc0\"><strong>LA TUA ISCRIZIONE E&#8217; IMPORTANTE<\/strong> Se apprezzi quanto stiamo realizzando, sostienici. La tua iscrizione \u00e9 un incoraggiamento per l&#8217;associazione!\u00a0 L&#8217;iscrizione vale un anno da quando la si versa e pu\u00f3 essere effettuata con bonifico bancario IBAN\u00a0IT98B36772223000EM000370127. Per simpatizzanti &#8220;GIOVANI STUDENTI&#8221; la quota prevista \u00e9 di euro 10,00. Per gli aderenti la quota prevista \u00e8 di euro 20,00. Per i soci sostenitori la quota prevista \u00e9 di euro 50,00. Sono accettate cifre superiori da parte di altri simpatizzanti. Va precisata la causale del versamento e data comunicazione all&#8217;indirizzo e-mail <strong><a href=\"mailto:posta@politicaassociazione.it\">posta@politicaassociazione.it<\/a><\/strong> <strong>Grazie<\/strong><\/p>\n\n\n\n<div class=\"wp-block-group\"><div class=\"wp-block-group__inner-container is-layout-constrained wp-block-group-is-layout-constrained\"><ul class=\"wp-block-latest-posts__list has-dates wp-block-latest-posts\"><li><a class=\"wp-block-latest-posts__post-title\" href=\"https:\/\/www.politicaassociazione.it\/WP\/2026\/04\/01\/preambolo-aprile-2026\/\">Preambolo aprile 2026<\/a><time datetime=\"2026-04-01T11:00:00+02:00\" class=\"wp-block-latest-posts__post-date\">1 Aprile 2026<\/time><div class=\"wp-block-latest-posts__post-excerpt\">Amici e simpatizzanti di Politica&nbsp; nel 1946 padri e madri costituenti, queste ultime erano 21, dovevano fare i conti con un Paese in macerie. A 80 anni da allora gli italiani si trovano di fronte a un Paese che frana. Niscemi docet.&nbsp; Il risultato del referendum costituzionale sulla Magistratura del&#8230;<\/div><\/li>\n<li><div class=\"wp-block-latest-posts__featured-image alignleft\"><img loading=\"lazy\" decoding=\"async\" width=\"150\" height=\"150\" src=\"https:\/\/www.politicaassociazione.it\/WP\/wp-content\/uploads\/2024\/02\/ilfattoquotidianoico-150x150.jpg\" class=\"attachment-thumbnail size-thumbnail wp-post-image\" alt=\"\" style=\"\" \/><\/div><a class=\"wp-block-latest-posts__post-title\" href=\"https:\/\/www.politicaassociazione.it\/WP\/2026\/04\/01\/il-progetto-politico-ce-e-si-chiama-costituzione\/\">Il progetto politico c&#8217;\u00e8 e si chiama Costituzione<\/a><time datetime=\"2026-04-01T10:57:05+02:00\" class=\"wp-block-latest-posts__post-date\">1 Aprile 2026<\/time><div class=\"wp-block-latest-posts__post-excerpt\">Coordinamento per la Democrazia Costituzionale agisce sul territorio per diffondere i valori sanciti dalla nostra Costituzione e si impegna nella difesa della Carta fondativa della Repubblica dagli attacchi quali la scellerata riforma della Giustizia. CDC &#8211; MILANO prof Montanari sul Fattoquotidiano<\/div><\/li>\n<li><div class=\"wp-block-latest-posts__featured-image alignleft\"><img loading=\"lazy\" decoding=\"async\" width=\"150\" height=\"150\" src=\"https:\/\/www.politicaassociazione.it\/WP\/wp-content\/uploads\/2026\/04\/icapitolidiunavita-150x150.jpg\" class=\"attachment-thumbnail size-thumbnail wp-post-image\" alt=\"\" style=\"\" \/><\/div><a class=\"wp-block-latest-posts__post-title\" href=\"https:\/\/www.politicaassociazione.it\/WP\/2026\/04\/01\/la-pira\/\">La Pira<\/a><time datetime=\"2026-04-01T10:52:00+02:00\" class=\"wp-block-latest-posts__post-date\">1 Aprile 2026<\/time><div class=\"wp-block-latest-posts__post-excerpt\">Tratto da Giorgio La Pira: i capitoli di una vita. Fondazione Giorgio La Pira &#8211; Firenze University Press di Spinoso &#8211; Turrini E&#8217; il 24 luglio il giudizio della giornata \u00e8 cambiato in positivo. Al mattino scrive e manifesta cosa prova: &#8220;Queste adunanze, questi discorsi, queste sedute, tutto questo complicato&#8230;<\/div><\/li>\n<li><div class=\"wp-block-latest-posts__featured-image alignleft\"><img loading=\"lazy\" decoding=\"async\" width=\"150\" height=\"150\" src=\"https:\/\/www.politicaassociazione.it\/WP\/wp-content\/uploads\/2026\/04\/rosybindi-150x150.jpg\" class=\"attachment-thumbnail size-thumbnail wp-post-image\" alt=\"\" style=\"\" \/><\/div><a class=\"wp-block-latest-posts__post-title\" href=\"https:\/\/www.politicaassociazione.it\/WP\/2026\/04\/01\/ma-serve-un-federatore-autorevole\/\">Ma serve un federatore autorevole&#8230;<\/a><time datetime=\"2026-04-01T10:51:20+02:00\" class=\"wp-block-latest-posts__post-date\">1 Aprile 2026<\/time><div class=\"wp-block-latest-posts__post-excerpt\">Rosy Bindi. &#8220;Ho provato un moto di fastidio davanti a chi, a spoglio ancora in corso, si \u00e8 messo a parlare di primarie&#8221;: Rosy Bindi, intervistata da La Stampa, lo ha detto a proposito del leader del Movimento 5 Stelle Giuseppe Conte e delle sue parole sulle primarie nel campo&#8230;<\/div><\/li>\n<li><div class=\"wp-block-latest-posts__featured-image alignleft\"><img loading=\"lazy\" decoding=\"async\" width=\"150\" height=\"86\" src=\"https:\/\/www.politicaassociazione.it\/WP\/wp-content\/uploads\/2026\/04\/logo_cespi-150x86.jpg\" class=\"attachment-thumbnail size-thumbnail wp-post-image\" alt=\"\" style=\"\" \/><\/div><a class=\"wp-block-latest-posts__post-title\" href=\"https:\/\/www.politicaassociazione.it\/WP\/2026\/04\/01\/europa-allargarsi-o-compiersi-un-bivio-da-superare-lo-impone-la-geopolitica\/\">Europa allargarsi o compiersi? Un bivio da superare, lo impone la geopolitica!<\/a><time datetime=\"2026-04-01T10:43:35+02:00\" class=\"wp-block-latest-posts__post-date\">1 Aprile 2026<\/time><div class=\"wp-block-latest-posts__post-excerpt\">di Luca Jahier* &#8211; 24 Marzo 2026 Alla vigilia di una nuova stagione di allargamento \u2013 con l\u2019Ucraina in prima linea \u2013 l\u2019Unione europea si presenta come un paradosso storico: mai cos\u00ec necessaria, mai cos\u00ec incompiuta. Dentro uno scenario internazionale segnato da guerre, crisi sistemiche e declino del multilateralismo, l\u2019Europa&#8230;<\/div><\/li>\n<li><div class=\"wp-block-latest-posts__featured-image alignleft\"><img loading=\"lazy\" decoding=\"async\" width=\"150\" height=\"85\" src=\"https:\/\/www.politicaassociazione.it\/WP\/wp-content\/uploads\/2025\/11\/ispi-150x85.jpg\" class=\"attachment-thumbnail size-thumbnail wp-post-image\" alt=\"\" style=\"\" \/><\/div><a class=\"wp-block-latest-posts__post-title\" href=\"https:\/\/www.politicaassociazione.it\/WP\/2026\/04\/01\/fine-guerra-mai\/\">Fine guerra: mai?<\/a><time datetime=\"2026-04-01T10:31:56+02:00\" class=\"wp-block-latest-posts__post-date\">1 Aprile 2026<\/time><div class=\"wp-block-latest-posts__post-excerpt\">L\u2019approvazione avviene nel contesto della guerra contro l\u2019Iran, che Israele continua nonostante la sospensione degli attacchi da parte degli Stati Uniti per favorire un negoziato mediato dal Pakistan. In realt\u00e0, dal 7 ottobre 2023 \u2013 giorno dell\u2019attacco di Hamas nel sud del Paese \u2013 Israele\u00a0non \u00e8 mai uscito\u00a0da uno stato&#8230;<\/div><\/li>\n<li><div class=\"wp-block-latest-posts__featured-image alignleft\"><img loading=\"lazy\" decoding=\"async\" width=\"150\" height=\"85\" src=\"https:\/\/www.politicaassociazione.it\/WP\/wp-content\/uploads\/2025\/11\/ispi-150x85.jpg\" class=\"attachment-thumbnail size-thumbnail wp-post-image\" alt=\"\" style=\"\" \/><\/div><a class=\"wp-block-latest-posts__post-title\" href=\"https:\/\/www.politicaassociazione.it\/WP\/2026\/04\/01\/ispi-daily-focus-31-marzo-2026\/\">ISRAELE, GUERRA E PENA CAPITALE<\/a><time datetime=\"2026-04-01T10:29:23+02:00\" class=\"wp-block-latest-posts__post-date\">1 Aprile 2026<\/time><div class=\"wp-block-latest-posts__post-excerpt\">Israele approva la pena di morte per i palestinesi autori di attacchi mortali. Critiche internazionali e ricorsi legali si moltiplicano, ma sul piano politico nulla cambia, mentre il Paese resta intrappolato in una guerra permanente. \u00c8 passata tra&nbsp;brindisi e applausi alla Knesset, il parlamento israeliano, la nuova legge che prevede&nbsp;la&#8230;<\/div><\/li>\n<li><div class=\"wp-block-latest-posts__featured-image alignleft\"><img loading=\"lazy\" decoding=\"async\" width=\"150\" height=\"150\" src=\"https:\/\/www.politicaassociazione.it\/WP\/wp-content\/uploads\/2026\/04\/pasqua2026-150x150.jpg\" class=\"attachment-thumbnail size-thumbnail wp-post-image\" alt=\"\" style=\"\" \/><\/div><a class=\"wp-block-latest-posts__post-title\" href=\"https:\/\/www.politicaassociazione.it\/WP\/2026\/04\/01\/spirito-pasquale\/\">Spirito Pasquale<\/a><time datetime=\"2026-04-01T10:25:00+02:00\" class=\"wp-block-latest-posts__post-date\">1 Aprile 2026<\/time><div class=\"wp-block-latest-posts__post-excerpt\">Eccoci al cospetto del Sinedrio dei Potenti, siamo qui in balia delle loro bugie, violenze e malvagit\u00e0. L\u2019intera Umanit\u00e0 riceve sputi, insulti e corone di spine: tante le sofferenze in questa moderna Via Crucis. Attendiamo il nostro Cireneo che ci sostenga; vediamo e sentiamo il pianto dei fanciulli e delle&#8230;<\/div><\/li>\n<li><a class=\"wp-block-latest-posts__post-title\" href=\"https:\/\/www.politicaassociazione.it\/WP\/2026\/03\/15\/preambolo-del-presidente-marzo-2026\/\">Preambolo marzo 2026<\/a><time datetime=\"2026-03-15T15:15:00+01:00\" class=\"wp-block-latest-posts__post-date\">15 Marzo 2026<\/time><div class=\"wp-block-latest-posts__post-excerpt\">Amici e simpatizzanti di Politica si \u00e8 ormai prossimi alla data del voto referendario, nel frattempo quanto sta accadendo a casa nostra e nel mondo continua a lasciarci esterrefatti. Basiti. Prima di addentrarmi in ci\u00f2, due anticipazioni che rinviano, una alla relazione che Piero Calamandrei tenne all\u2019Assemblea costituente, al termine&#8230;<\/div><\/li>\n<li><div class=\"wp-block-latest-posts__featured-image alignleft\"><img loading=\"lazy\" decoding=\"async\" width=\"150\" height=\"150\" src=\"https:\/\/www.politicaassociazione.it\/WP\/wp-content\/uploads\/2026\/03\/651678832_10242830012032365_662431531985327698_n-150x150.jpg\" class=\"attachment-thumbnail size-thumbnail wp-post-image\" alt=\"\" style=\"\" \/><\/div><a class=\"wp-block-latest-posts__post-title\" href=\"https:\/\/www.politicaassociazione.it\/WP\/2026\/03\/15\/assemblea-costituente-27-novembre-1947\/\">Assemblea Costituente, 27 novembre 1947<\/a><time datetime=\"2026-03-15T15:14:00+01:00\" class=\"wp-block-latest-posts__post-date\">15 Marzo 2026<\/time><div class=\"wp-block-latest-posts__post-excerpt\">Intervento di Piero Calamandrei (Assemblea Costituente, 27 novembre 1947) \u00ab[&#8230;] Si \u00e8 parlato, in questi giorni, da vari oratori, del pericolo che la magistratura diventi un &#8220;quarto potere&#8221;; si \u00e8 parlato del pericolo che la magistratura diventi una casta chiusa, uno Stato nello Stato, una specie di cittadella inespugnabile, sottratta&#8230;<\/div><\/li>\n<\/ul><\/div><\/div>\n\n\n\n<div class=\"wp-block-group alignfull\" style=\"margin-top:0;margin-bottom:0;padding-top:var(--wp--preset--spacing--50);padding-right:var(--wp--preset--spacing--50);padding-bottom:var(--wp--preset--spacing--50);padding-left:var(--wp--preset--spacing--50)\"><div class=\"wp-block-group__inner-container is-layout-constrained wp-container-core-group-is-layout-9cf8f26d wp-block-group-is-layout-constrained\">\n<div class=\"wp-block-group alignwide has-base-2-background-color has-background\" style=\"border-radius:16px;padding-top:var(--wp--preset--spacing--40);padding-right:var(--wp--preset--spacing--50);padding-bottom:var(--wp--preset--spacing--40);padding-left:var(--wp--preset--spacing--50)\"><div class=\"wp-block-group__inner-container is-layout-constrained wp-container-core-group-is-layout-282d97d7 wp-block-group-is-layout-constrained\">\n<div style=\"height:var(--wp--preset--spacing--10)\" aria-hidden=\"true\" class=\"wp-block-spacer\"><\/div>\n\n\n\n<div style=\"height:var(--wp--preset--spacing--10)\" aria-hidden=\"true\" class=\"wp-block-spacer\"><\/div>\n<\/div><\/div>\n\n\n\n<div class=\"wp-block-buttons is-layout-flex wp-block-buttons-is-layout-flex\">\n<div class=\"wp-block-button has-custom-width wp-block-button__width-100\"><a class=\"wp-block-button__link wp-element-button\" href=\"https:\/\/www.politicaassociazione.it\/ESTRAZIONE\/archpreambolo.php\" target=\"_blank\" rel=\"noreferrer noopener\">BACHECA DEL PRESIDENTE &#8211; Preamboli News Letter fino al 2023<\/a><\/div>\n<\/div>\n<\/div><\/div>\n\n\n\n<div class=\"wp-block-buttons is-layout-flex wp-block-buttons-is-layout-flex\">\n<div class=\"wp-block-button has-custom-width wp-block-button__width-100\"><a class=\"wp-block-button__link wp-element-button\" href=\"https:\/\/www.politicaassociazione.it\/ESTRAZIONE\/archivio.php?tp=&amp;PAGI=\" target=\"_blank\" rel=\"noreferrer noopener\">CONSULTA ARCHIVIO STORICO FINO AL 2023<\/a><\/div>\n<\/div>\n","protected":false},"excerpt":{"rendered":"<p>&#8220;per il maggior bene comune possibile &#8221; LA TUA ISCRIZIONE E&#8217; IMPORTANTE Se apprezzi quanto stiamo realizzando, sostienici. La tua iscrizione \u00e9 un incoraggiamento per l&#8217;associazione!\u00a0 L&#8217;iscrizione vale un anno da quando&#8230;<\/p>\n","protected":false},"author":1,"featured_media":0,"parent":0,"menu_order":0,"comment_status":"closed","ping_status":"closed","template":"","meta":{"footnotes":""},"class_list":["post-13","page","type-page","status-publish","hentry"],"_links":{"self":[{"href":"https:\/\/www.politicaassociazione.it\/WP\/wp-json\/wp\/v2\/pages\/13","targetHints":{"allow":["GET"]}}],"collection":[{"href":"https:\/\/www.politicaassociazione.it\/WP\/wp-json\/wp\/v2\/pages"}],"about":[{"href":"https:\/\/www.politicaassociazione.it\/WP\/wp-json\/wp\/v2\/types\/page"}],"author":[{"embeddable":true,"href":"https:\/\/www.politicaassociazione.it\/WP\/wp-json\/wp\/v2\/users\/1"}],"replies":[{"embeddable":true,"href":"https:\/\/www.politicaassociazione.it\/WP\/wp-json\/wp\/v2\/comments?post=13"}],"version-history":[{"count":32,"href":"https:\/\/www.politicaassociazione.it\/WP\/wp-json\/wp\/v2\/pages\/13\/revisions"}],"predecessor-version":[{"id":876,"href":"https:\/\/www.politicaassociazione.it\/WP\/wp-json\/wp\/v2\/pages\/13\/revisions\/876"}],"wp:attachment":[{"href":"https:\/\/www.politicaassociazione.it\/WP\/wp-json\/wp\/v2\/media?parent=13"}],"curies":[{"name":"wp","href":"https:\/\/api.w.org\/{rel}","templated":true}]}}