{"id":138,"date":"2024-02-19T15:15:29","date_gmt":"2024-02-19T14:15:29","guid":{"rendered":"https:\/\/www.politicaassociazione.it\/WP\/?page_id=138"},"modified":"2024-02-19T15:15:29","modified_gmt":"2024-02-19T14:15:29","slug":"manifesto","status":"publish","type":"page","link":"https:\/\/www.politicaassociazione.it\/WP\/manifesto\/","title":{"rendered":"Manifesto"},"content":{"rendered":"\n<p>Premesse<br>Se domani&#8230;cento, mille cittadini di buona volont\u00e0 decidessero di &#8211; recuperare l&#8217;autonomia e la responsabilit\u00e0 personale delle scelte politiche che li riguardano, &#8211; dopo aver conosciuto i fatti alla luce di un\u2019informazione attendibile e &#8211; aver ponderato quale sia la soluzione che realizza il maggior bene comune possibile, sarebbe l\u2019inizio di una rivoluzione!<br>Le trasformazioni economiche e sociali conseguenti al tramonto delle ideologie ed all\u2019accentuarsi della globalizzazione industriale e finanziaria, hanno eroso la qualit\u00e0 della democrazia. La cultura antipolitica che ha delegittimato il ruolo dei partiti e del Parlamento, ha provocato il consolidarsi di oligarchie con la conseguente personalizzazione dei processi politici ed \u00e8 questo un segno evidente di indebolimento della partecipazione democratica. Oggi in Italia viviamo la coda, l&#8217;onda lunga di una situazione di benessere senza precedenti e non ci si accorge ancora di quanto la situazione delle garanzie sociali si stia deteriorando, della deriva populistica prossima a ribaltare legalmente i fondamenti della Costituzione, delle difficolt\u00e0 del sistema economico e produttivo che leggiamo nell&#8217;aumento delle povert\u00e0.<br>Ci alimentiamo di una informazione inquinata, non scegliamo tra proposte razionalmente documentate, ma tra suggestioni elettoralistiche, sciupando quel diritto-dovere di occuparci personalmente ed a fondo delle questioni politiche, diritto per la cui conquista in molte parti del mondo ancora si lotta e si muore.<br>Se domani\u2026cominciasse la rivoluzione, poco a poco come in un sogno\u2026 &#8211; la cattiva informazione troverebbe qualche limite in quella buona; &#8211; i vari\u201c palazzi\u201d dovrebbero fare i conti con un controllo non fazioso ma molto attento; &#8211; si aprirebbero spazi in cui la richiesta politica nasce la dove c\u2019\u00e8 il bisogno e punta al raggiungimento del maggior bene comune possibile; &#8211; prenderebbe forma il disegno di una societ\u00e0 dove il benessere globale dei suoi componenti conta pi\u00f9 della ingordigia e della violenza di pochi\u2026..e tutti vivrebbero felici e contenti!<br>Questo nel sogno. Nella realt\u00e0, senza perdere altro tempo, &#8211; chi ha a cuore il proprio benessere e quello del prossimo, &#8211; se crede che la partecipazione democratica sia un bene importante, &#8211; se ha in mente come dovrebbe essere la societ\u00e0 in cui vorrebbe vivere, &#8211; se si sente la forza ed il coraggio di servire, allora guardi la comunit\u00e0 in cui vive ogni giorno, dalla famiglia al mondo globale, e legger\u00e0 con i suoi occhi quante cose potrebbero essere diverse, migliori.<br>Per cominciare \u2026\u2026.. occorre imboccare un sentiero virtuoso che possa condurre una comunit\u00e0 &#8211; quali che siano le sue dimensioni &#8211; ad abbassare la conflittualit\u00e0, stemperando le animosit\u00e0 degli interessi particolari, mediando i contrasti che nascono dalle differenze etniche e religiose, accettando vincoli contingenti al pieno od immediato raggiungimento degli obiettivi. Il futuro minaccia tempesta ed i fatti che abbiamo ogni giorno sotto gli occhi, in Italia e nel mondo, lo dimostrano. Non possiamo aspettarci che altri (e poi, chi?) vengano a toglierci le castagne dal fuoco. Anzi, si dovr\u00e0 badare a non essere sospinti verso soluzioni pi\u00f9 consone alla soddisfazione di obiettivi elitari altrui che non a quelli della comunit\u00e0.<br>Tocca a noi, con il nostro buon senso (espressione popolare che indica le soluzioni od i comportamenti che in un certa situazione sono accettati dai pi\u00f9 ) farci carico dei nostri problemi per risolverli, usando le strutture democratiche istituzionali anzich\u00e9 esserne succubi. Bisogner\u00e0 per\u00f2 lavorare con entusiasmo ed acume per mettere a punto strumenti tecnicamente validi a consentire, da un lato il risveglio nelle persone, nei Gruppi, nelle Associazioni e nei Movimenti di Volontariato, della sensibilit\u00e0 politica addormentata da decenni di delega sostanziale o di schieramento acritico e, dall\u2019altro, il trasferimento condizionante di scelte, proposte e uomini ai partiti, strumenti ancor oggi insostituibili per il funzionamento della macchina democratica ai vari livelli istituzionali, ancorch\u00e9 inadeguati a rappresentare le istanze reali della gente. Il \u201cnoi\u201d di un leader di partito non si riferisce mai alla gente nel suo insieme, ma alla compagine che a lui fa riferimento. Nel confronto politico quotidiano ci sono sempre almeno due \u201cverit\u00e0\u201d, due visioni del bene comune contrapposte quanto a sostanza e metodo Occorrer\u00e0 spiegare e convincere che tra soluzioni diverse, in dati, tempi e luoghi, una \u00e8 quella pi\u00f9 condivisa e che si identifica con il maggior bene comune possibile.<br>Occorre inoltre ricordare che la scelta di cui parliamo si forma in modo democraticamente partecipato, con apporti proporzionali al peso sociale dei portatori delle diverse motivazioni etiche, religiose, ideologiche, politiche della comunit\u00e0, motivazioni che trovano una loro composizione nell\u2019obiettivo pratico da raggiungere. Tutto ci\u00f2 avviene non contro l\u2019impianto istituzionale, ma dentro lo stesso ed \u00e8 quindi soggetto al suo controllo di legittimit\u00e0 Gruppi sociali poco rappresentati potrebbero lamentare di non trovare i propri valori adeguatamente espressi: occorrer\u00e0 rammentare che la base della democrazia \u00e8 la partecipazione. Per muoverci nella direzione di cui sopra, c\u2019\u00e8 un\u2019Associazione di Volontariato culturale, costituitasi lo scorso anno dopo un lungo periodo di riflessione.<br>POLITICA: La sua impronta &#8211; non \u00e8 collaterale ad alcun partito, come non \u00e8 organica ad alcuna area confessionale ancorch\u00e9 molti dei suoi promotori siano di estrazione cattolica con rilevanti esperienze nel campo associazionistico &#8211; si colloca nella prospettiva di una societ\u00e0 che crede nella democrazia come valore universale e come strumento di governo, una societ\u00e0 pluralistica e solidale orientata alla centralit\u00e0 dell\u2019Uomo. &#8211; prepara e sostiene il cittadino elettore nel percorso di formazione e difesa di quelle soluzioni politiche che costituiscono il maggior bene comune possibile, soluzioni che risultano spesso da una mediazione tra istanze culturali diverse. &#8211; \u00e8 ben conscia della funzione tecnicamente insopprimibile dei partiti, pertanto il suo approccio non \u00e8 ad essi pregiudizialmente ostile n\u00e9 comunque alternativo. &#8211; adotta al suo interno criteri di partecipazione particolarmente aperti al fine di valorizzare esperienze diverse.<br>POLITICA: La sua organizzazione \u00c8 una Associazione di Volontariato Culturale con una Assemblea che fornisce gli indirizzi d&#8217;azione, un Comitato Operativo che realizza le iniziative e Gruppi Specialistici che elaborano proposte su singole tematiche. La struttura si completa con i Revisori ed i Probiviri. L\u2019Atto Costitutivo e lo Statuto descrivono il funzionamento dell\u2019Associazione<br>POLITICA: il metodo e gli strumenti. Due sono le direzioni in cui si sviluppa l\u2019azione. Informazione attendibile: lavoro, sanit\u00e0, scuola, previdenza, povert\u00e0, immigrazione, guerra, ambiente, economia entrano nella vita della gente con immagini e messaggi che i media hanno adattato agli obiettivi delle \u201cparti\u201d. \u00c8 difficile distinguere il vero dal falso o dal distorto: persino i dati statistici spesso denunciano manipolazioni. Pertanto, sulle questioni che vengono affrontate in chiave politica si cerca di realizzare un momento di informazione articolata, approfondita e veritiera : incontri, dibattiti, un sito internet (www.politicaassiociazione.it), le schede di \u201cPolitica\u201d sono i canali attivati per facilitare la conoscenza del quadro politico,economico e sociale. Proposte e soluzioni: sono messe a punto nell\u2019ambito dei Gruppi Specialistici in cui si articola l\u2019Associazione. Vengono avviate a realizzazione attraverso i Responsabili politici dei settori interessati e la mobilitazione dell\u2019opinione pubblica ottenuta mediante incontri, convegni, documenti, ricerche esplorative.<br>POLITICA come spazio di animazione Mentre l\u2019informazione copre l\u2019ampia gamma di problemi che costituiscono il terreno sul quale dare e raccogliere stimoli utili a capire e stimolare l\u2019evoluzione delle situazioni, le proposte di soluzione sono mirate a problematiche specifiche e debbono essere trasferite al piano istituzionale per la realizzazione. Il primo anno di vita dell\u2019Associazione ha visto in prevalenza sviluppate l\u2019informazione e la verifica della sensibilit\u00e0 di alcuni settori (la vita della citt\u00e0 in alcuni suoi aspetti innovativi quali il trattamento dei rifiuti, l\u2019assetto del nodo ferroviario, le nuove povert\u00e0 e le prospettive dell\u2019occupazione, i punti caldi del mondo, la prospettive dell\u2019Unione Europea, i rapporti tra politica e maggior bene comune possibile, la sanit\u00e0) mentre contatti meramente esplorativi sono stati condotti con Associazioni che perseguono obiettivi in qualche modo affini a quelli di POLITICA. Sulla base di quanto espresso dall\u2019Assemblea del luglio 2004, POLITICA dovr\u00e0 continuare a produrre informazione, ma pure sviluppare i rapporti con le Associazioni e Movimenti affini e sperimentare il trasferimento di progetti maturi al piano istituzionale.<br>POLITICA \u00e8 luogo d\u2019incontro e di amicizia Se &#8211; almeno in parte &#8211; c\u2019\u00e8 condivisione su quanto esposto in queste pagine, diamoci del Tu, come si conviene tra Amici che hanno in comune un ideale ed un progetto. Se Ti interessa lavorare con POLITICA, od anche solo conoscerla meglio, segnala un Tuo recapito con una telefonata al NUMERO VERDE 800 031 927 \u2026per chiamate da rete fissa, un\u2019 e-mail all\u2019indirizzo posta@politicaassociazione.it<br>Il sito internet www.politicaassociazione.it aspetta una Tua visita: troverai spazi di discussione, la valutazione alla luce del maggior bene comune possibile di fatti politicamente rilevanti, sintesi di libri od articoli ed altro ancora, oltre all\u2019aggiornamento sulla vita dell\u2019Associazione.<br>Gli Amici che gi\u00e0 lavorano in POLITICA<br>Torino, novembre 2004<\/p>\n","protected":false},"excerpt":{"rendered":"<p>PremesseSe domani&#8230;cento, mille cittadini di buona volont\u00e0 decidessero di &#8211; recuperare l&#8217;autonomia e la responsabilit\u00e0 personale delle scelte politiche che li riguardano, &#8211; dopo aver conosciuto i fatti alla luce di un\u2019informazione&#8230;<\/p>\n","protected":false},"author":1,"featured_media":0,"parent":0,"menu_order":0,"comment_status":"closed","ping_status":"closed","template":"","meta":{"footnotes":""},"class_list":["post-138","page","type-page","status-publish","hentry"],"_links":{"self":[{"href":"https:\/\/www.politicaassociazione.it\/WP\/wp-json\/wp\/v2\/pages\/138","targetHints":{"allow":["GET"]}}],"collection":[{"href":"https:\/\/www.politicaassociazione.it\/WP\/wp-json\/wp\/v2\/pages"}],"about":[{"href":"https:\/\/www.politicaassociazione.it\/WP\/wp-json\/wp\/v2\/types\/page"}],"author":[{"embeddable":true,"href":"https:\/\/www.politicaassociazione.it\/WP\/wp-json\/wp\/v2\/users\/1"}],"replies":[{"embeddable":true,"href":"https:\/\/www.politicaassociazione.it\/WP\/wp-json\/wp\/v2\/comments?post=138"}],"version-history":[{"count":1,"href":"https:\/\/www.politicaassociazione.it\/WP\/wp-json\/wp\/v2\/pages\/138\/revisions"}],"predecessor-version":[{"id":139,"href":"https:\/\/www.politicaassociazione.it\/WP\/wp-json\/wp\/v2\/pages\/138\/revisions\/139"}],"wp:attachment":[{"href":"https:\/\/www.politicaassociazione.it\/WP\/wp-json\/wp\/v2\/media?parent=138"}],"curies":[{"name":"wp","href":"https:\/\/api.w.org\/{rel}","templated":true}]}}