{"id":140,"date":"2024-02-19T15:24:24","date_gmt":"2024-02-19T14:24:24","guid":{"rendered":"https:\/\/www.politicaassociazione.it\/WP\/?page_id=140"},"modified":"2024-02-19T15:24:24","modified_gmt":"2024-02-19T14:24:24","slug":"statuto","status":"publish","type":"page","link":"https:\/\/www.politicaassociazione.it\/WP\/statuto\/","title":{"rendered":"Statuto"},"content":{"rendered":"\n<p>in esenzione di imposta di bollo e di registro ai sensi del&#8217;art.8 della legge 266\/91<br><br><br>Art. 1. Denominazione, sede e durata<br><br>1) E&#8217; costituita un&#8217;Associazione di volontariato &#8211; ai sensi degli artt. 36, 37, 38 cc e della legge 266\/91 -. denominata &#8220;POLITICA&#8221;.<br>2. L&#8217;Associazione ha sede in Torino, corso Vittorio Emanuele II n\u00b0 65 ( cap. 10128 )<br>3. La durata dell&#8217;Associazione \u00e8 di 30 &#8211; anni e pu\u00f2 essere rinnovata dall&#8217;Assemblea.<br><br>Art. 2. Scopi, natura, compiti.<br><br>1. L&#8217;Associazione ha piena autonomia e responsabilit\u00e0 patrimoniale, finanziaria e gestionale, della sua attivit\u00e0 e di quelle ad essa collegate.<br>2. L&#8217;Associazione non ha scopi di lucro.<br>3. POLITICA \u00e8 un&#8217;Associazione che ha la finalit\u00e0 di facilitare gruppi o comunit\u00e0 di cittadini nell&#8217;affrontare problemi economici e sociali politicamente rilevanti, nell&#8217;ottica del conseguimento del maggior bene comune possibile, vale a dire raggiungere il punto di equilibrio politico, economico, etico e sociale in una prospettiva solidaristica che, in una specifica situazione ed in un preciso momento storico, gli attori giudicano essere il pi\u00f9 soddisfacente per la soluzione di un determinato problema.<br>Dalla marginalit\u00e0 politica di fatto di vasti strati di cittadinanza &#8211; marginalit\u00e0 da attribuire in gran parte agli eventi storici che hanno caratterizzato la vita del nostroPaese &#8211; sono sorte le ben note difficolt\u00e0 di rappresentanza delle Istituzioni politiche, alle quali si deve accostare la problematicit\u00e0 di accesso ad un&#8217;informazione non manipolata. In tale contesto, si verifica un progressivo allontanamento dei cittadini dalla politica attiva, capace di compromettere la stessa stabilit\u00e0 del sistema democratico.<br><br>POLITICA agisce in questo spazio riproponendo i valori della politica partecipata, ricreando uno spazio di informazione documentata che faciliti la conoscenza dei fatti e la individuazione delle soluzioni corrette orientate al raggiungimento del maggior bene comune possibile, anche richiamando la responsabilit\u00e0 dei cittadini nella scelta dei loro rappresentanti.<br><br>POLITICA, per svolgere efficacemente la sua funzione non \u00e8 collaterale ad alcun partito in qu anto il maggior bene comune non necessariamente coincide, in ogni momento, con le scelte di un&#8217;unica area partitica. Cos\u00ec POLITICA non \u00e8 organica ad alcuna area confessionale in quanto la soluzione che, in una determinata situazione, rappresenti il maggior bene comune possibile \u00e8 spesso il risultato di una mediazione tra istanze culturali diverse che avviene su di un piano laico e pluralistico.<br><br>POLITICA \u00e8 aperta a tutte le persone di buona volont\u00e0 &#8211; senza distinzione alcuna &#8211; che abbiano a cuore la salute del sistema democratico ed intendano spendersi per ricuperarne i valori e le prassi partecipative fondamentali.<\/p>\n","protected":false},"excerpt":{"rendered":"<p>in esenzione di imposta di bollo e di registro ai sensi del&#8217;art.8 della legge 266\/91 Art. 1. Denominazione, sede e durata 1) E&#8217; costituita un&#8217;Associazione di volontariato &#8211; ai sensi degli artt&#8230;.<\/p>\n","protected":false},"author":1,"featured_media":0,"parent":0,"menu_order":0,"comment_status":"closed","ping_status":"closed","template":"","meta":{"footnotes":""},"class_list":["post-140","page","type-page","status-publish","hentry"],"_links":{"self":[{"href":"https:\/\/www.politicaassociazione.it\/WP\/wp-json\/wp\/v2\/pages\/140","targetHints":{"allow":["GET"]}}],"collection":[{"href":"https:\/\/www.politicaassociazione.it\/WP\/wp-json\/wp\/v2\/pages"}],"about":[{"href":"https:\/\/www.politicaassociazione.it\/WP\/wp-json\/wp\/v2\/types\/page"}],"author":[{"embeddable":true,"href":"https:\/\/www.politicaassociazione.it\/WP\/wp-json\/wp\/v2\/users\/1"}],"replies":[{"embeddable":true,"href":"https:\/\/www.politicaassociazione.it\/WP\/wp-json\/wp\/v2\/comments?post=140"}],"version-history":[{"count":1,"href":"https:\/\/www.politicaassociazione.it\/WP\/wp-json\/wp\/v2\/pages\/140\/revisions"}],"predecessor-version":[{"id":141,"href":"https:\/\/www.politicaassociazione.it\/WP\/wp-json\/wp\/v2\/pages\/140\/revisions\/141"}],"wp:attachment":[{"href":"https:\/\/www.politicaassociazione.it\/WP\/wp-json\/wp\/v2\/media?parent=140"}],"curies":[{"name":"wp","href":"https:\/\/api.w.org\/{rel}","templated":true}]}}